{"id":137,"date":"2025-05-09T15:29:18","date_gmt":"2025-05-09T15:29:18","guid":{"rendered":"https:\/\/sharpcapital.pt\/port\/?page_id=137"},"modified":"2025-10-03T14:54:15","modified_gmt":"2025-10-03T14:54:15","slug":"datacenters","status":"publish","type":"page","link":"https:\/\/sharpcapital.pt\/port\/datacenters\/","title":{"rendered":"DATA CENTERS"},"content":{"rendered":"\t\t<div data-elementor-type=\"wp-page\" data-elementor-id=\"137\" class=\"elementor elementor-137\">\n\t\t\t\t<div class=\"elementor-element elementor-element-131dc88e e-con-full animated-slow e-flex e-con e-parent\" data-id=\"131dc88e\" data-element_type=\"container\" data-settings=\"{&quot;animation&quot;:&quot;none&quot;}\">\n\t\t\t\t<div class=\"elementor-element elementor-element-c78a925 elementor-widget elementor-widget-spacer\" data-id=\"c78a925\" data-element_type=\"widget\" data-widget_type=\"spacer.default\">\n\t\t\t\t<div class=\"elementor-widget-container\">\n\t\t\t\t\t\t\t<div class=\"elementor-spacer\">\n\t\t\t<div class=\"elementor-spacer-inner\"><\/div>\n\t\t<\/div>\n\t\t\t\t\t\t<\/div>\n\t\t\t\t<\/div>\n\t\t\t\t<div class=\"elementor-element elementor-element-2c9fa9e0 animated-slow elementor-invisible elementor-widget elementor-widget-heading\" data-id=\"2c9fa9e0\" data-element_type=\"widget\" data-settings=\"{&quot;_animation&quot;:&quot;fadeIn&quot;}\" data-widget_type=\"heading.default\">\n\t\t\t\t<div class=\"elementor-widget-container\">\n\t\t\t\t\t<h2 class=\"elementor-heading-title elementor-size-default\">PORQU\u00ca DATA CENTERS EM PORTUGAL?<\/h2>\t\t\t\t<\/div>\n\t\t\t\t<\/div>\n\t\t\t\t<div class=\"elementor-element elementor-element-5018c27f elementor-widget elementor-widget-spacer\" data-id=\"5018c27f\" data-element_type=\"widget\" data-widget_type=\"spacer.default\">\n\t\t\t\t<div class=\"elementor-widget-container\">\n\t\t\t\t\t\t\t<div class=\"elementor-spacer\">\n\t\t\t<div class=\"elementor-spacer-inner\"><\/div>\n\t\t<\/div>\n\t\t\t\t\t\t<\/div>\n\t\t\t\t<\/div>\n\t\t\t\t<\/div>\n\t\t<div class=\"elementor-element elementor-element-751f66c4 e-con-full animated-slow e-flex e-con e-parent\" data-id=\"751f66c4\" data-element_type=\"container\" data-settings=\"{&quot;animation&quot;:&quot;none&quot;,&quot;animation_delay&quot;:0}\">\n\t\t\t\t<div class=\"elementor-element elementor-element-18d67ecd elementor-widget elementor-widget-slider_revolution\" data-id=\"18d67ecd\" data-element_type=\"widget\" data-widget_type=\"slider_revolution.default\">\n\t\t\t\t<div class=\"elementor-widget-container\">\n\t\t\t\t\t\n\t\t<div class=\"wp-block-themepunch-revslider\">\n\t\t\t\t<p class=\"rs-p-wp-fix\"><\/p>\n\t\t\t\t<sr7-module data-alias=\"home-1\" data-id=\"1\" id=\"SR7_1_1\" class=\"rs-ov-hidden\" data-version=\"6.7.32\">\n\t\t\t\t\t<sr7-adjuster><\/sr7-adjuster>\n\t\t\t\t\t<sr7-content>\n\t\t\t\t\t\t<sr7-slide id=\"SR7_1_1-1\" data-key=\"1\">\n\t\t\t\t\t\t<\/sr7-slide>\n\t\t\t\t\t\t<sr7-slide id=\"SR7_1_1-2\" data-key=\"2\">\n\t\t\t\t\t\t<\/sr7-slide>\n\t\t\t\t\t<\/sr7-content>\n\t\t\t\t\t<image_lists style=\"display:none\">\n\t\t\t\t\t\t<img data-src=\"\/\/sharpcapital.pt\/port\/wp-content\/uploads\/sites\/4\/revslider\/home-1\/hdata.jpg\" data-libid=\"50\" data-lib=\"medialibrary\" title=\"hdata.jpg\" width=\"0\" height=\"0\" data-dbsrc=\"Ly9zaGFycGNhcGl0YWwucHQvcG9ydC93cC1jb250ZW50L3VwbG9hZHMvc2l0ZXMvNC9yZXZzbGlkZXIvaG9tZS0xL2hkYXRhLmpwZw==\"\/>\n\t\t\t\t\t\t<img data-src=\"\/\/sharpcapital.pt\/port\/wp-content\/uploads\/sites\/4\/2025\/05\/data.jpg\" data-libid=\"189\" data-lib=\"medialibrary\" title=\"data\" width=\"0\" height=\"0\" data-dbsrc=\"Ly9zaGFycGNhcGl0YWwucHQvcG9ydC93cC1jb250ZW50L3VwbG9hZHMvc2l0ZXMvNC8yMDI1LzA1L2RhdGEuanBn\"\/>\n\t\t\t\t\t<\/image_lists>\n\t\t\t\t<\/sr7-module>\n\t\t\t\t<script>\n\t\t\t\t\tSR7.PMH ??={}; SR7.PMH[\"SR7_1_1\"] = {cn:100,state:false,fn: function() { if (_tpt!==undefined && _tpt.prepareModuleHeight !== undefined) {  _tpt.prepareModuleHeight({id:\"SR7_1_1\",el:[658,658,768,960,720],type:'hero',shdw:'0',gh:[658,658,,,],gw:[1450,1450,,,],vpt:['-100px'],size:{fullWidth:false, fullHeight:false},mh:'0',onh:0,onw:0,bg:{color:'{\"orig\":\"transparent\",\"type\":\"solid\",\"string\":\"transparent\"}'}});   SR7.PMH[\"SR7_1_1\"].state=true;} else if(SR7.PMH[\"SR7_1_1\"].cn-->0)\tsetTimeout( SR7.PMH[\"SR7_1_1\"].fn,19);}};SR7.PMH[\"SR7_1_1\" ].fn();\n\t\t\t\t<\/script>\n<\/div>\n\n\t\t\t\t\t\t<\/div>\n\t\t\t\t<\/div>\n\t\t\t\t<div class=\"elementor-element elementor-element-3eb21146 animated-slow e-transform elementor-view-default elementor-invisible elementor-widget elementor-widget-icon\" data-id=\"3eb21146\" data-element_type=\"widget\" data-settings=\"{&quot;_animation&quot;:&quot;fadeIn&quot;,&quot;_animation_delay&quot;:2000,&quot;_transform_translateX_effect&quot;:{&quot;unit&quot;:&quot;px&quot;,&quot;size&quot;:0,&quot;sizes&quot;:[]},&quot;_transform_translateY_effect&quot;:{&quot;unit&quot;:&quot;px&quot;,&quot;size&quot;:0,&quot;sizes&quot;:[]},&quot;_transform_translateX_effect_tablet&quot;:{&quot;unit&quot;:&quot;px&quot;,&quot;size&quot;:&quot;&quot;,&quot;sizes&quot;:[]},&quot;_transform_translateX_effect_mobile&quot;:{&quot;unit&quot;:&quot;px&quot;,&quot;size&quot;:&quot;&quot;,&quot;sizes&quot;:[]},&quot;_transform_translateY_effect_tablet&quot;:{&quot;unit&quot;:&quot;px&quot;,&quot;size&quot;:&quot;&quot;,&quot;sizes&quot;:[]},&quot;_transform_translateY_effect_mobile&quot;:{&quot;unit&quot;:&quot;px&quot;,&quot;size&quot;:&quot;&quot;,&quot;sizes&quot;:[]}}\" data-widget_type=\"icon.default\">\n\t\t\t\t<div class=\"elementor-widget-container\">\n\t\t\t\t\t\t\t<div class=\"elementor-icon-wrapper\">\n\t\t\t<div class=\"elementor-icon\">\n\t\t\t<svg aria-hidden=\"true\" class=\"e-font-icon-svg e-fas-chevron-down\" viewBox=\"0 0 448 512\" xmlns=\"http:\/\/www.w3.org\/2000\/svg\"><path d=\"M207.029 381.476L12.686 187.132c-9.373-9.373-9.373-24.569 0-33.941l22.667-22.667c9.357-9.357 24.522-9.375 33.901-.04L224 284.505l154.745-154.021c9.379-9.335 24.544-9.317 33.901.04l22.667 22.667c9.373 9.373 9.373 24.569 0 33.941L240.971 381.476c-9.373 9.372-24.569 9.372-33.942 0z\"><\/path><\/svg>\t\t\t<\/div>\n\t\t<\/div>\n\t\t\t\t\t\t<\/div>\n\t\t\t\t<\/div>\n\t\t\t\t<\/div>\n\t\t<div class=\"elementor-element elementor-element-53ecc525 e-con-full e-flex e-con e-parent\" data-id=\"53ecc525\" data-element_type=\"container\">\n\t\t\t\t<div class=\"elementor-element elementor-element-19fca67 elementor-widget elementor-widget-spacer\" data-id=\"19fca67\" data-element_type=\"widget\" data-widget_type=\"spacer.default\">\n\t\t\t\t<div class=\"elementor-widget-container\">\n\t\t\t\t\t\t\t<div class=\"elementor-spacer\">\n\t\t\t<div class=\"elementor-spacer-inner\"><\/div>\n\t\t<\/div>\n\t\t\t\t\t\t<\/div>\n\t\t\t\t<\/div>\n\t\t\t\t<div class=\"elementor-element elementor-element-4ecc0ae3 elementor-widget elementor-widget-button\" data-id=\"4ecc0ae3\" data-element_type=\"widget\" data-widget_type=\"button.default\">\n\t\t\t\t<div class=\"elementor-widget-container\">\n\t\t\t\t\t\t\t\t\t<div class=\"elementor-button-wrapper\">\n\t\t\t\t\t<a class=\"elementor-button elementor-button-link elementor-size-sm\" href=\"https:\/\/dc-3po.com\/\" target=\"_blank\">\n\t\t\t\t\t\t<span class=\"elementor-button-content-wrapper\">\n\t\t\t\t\t\t\t\t\t<span class=\"elementor-button-text\">Descobrir DC-3PO<\/span>\n\t\t\t\t\t<\/span>\n\t\t\t\t\t<\/a>\n\t\t\t\t<\/div>\n\t\t\t\t\t\t\t\t<\/div>\n\t\t\t\t<\/div>\n\t\t\t\t<div class=\"elementor-element elementor-element-e4b2334 elementor-widget elementor-widget-spacer\" data-id=\"e4b2334\" data-element_type=\"widget\" data-widget_type=\"spacer.default\">\n\t\t\t\t<div class=\"elementor-widget-container\">\n\t\t\t\t\t\t\t<div class=\"elementor-spacer\">\n\t\t\t<div class=\"elementor-spacer-inner\"><\/div>\n\t\t<\/div>\n\t\t\t\t\t\t<\/div>\n\t\t\t\t<\/div>\n\t\t\t\t<\/div>\n\t\t<div class=\"elementor-element elementor-element-2a3f8b09 e-con-full e-flex e-con e-parent\" data-id=\"2a3f8b09\" data-element_type=\"container\">\n\t\t<div class=\"elementor-element elementor-element-301263c3 e-con-full e-flex e-con e-child\" data-id=\"301263c3\" data-element_type=\"container\">\n\t\t\t\t<div class=\"elementor-element elementor-element-1c79f14c animated-slow elementor-invisible elementor-widget elementor-widget-text-editor\" data-id=\"1c79f14c\" data-element_type=\"widget\" data-settings=\"{&quot;_animation&quot;:&quot;fadeIn&quot;,&quot;_animation_mobile&quot;:&quot;fadeInLeft&quot;}\" data-widget_type=\"text-editor.default\">\n\t\t\t\t<div class=\"elementor-widget-container\">\n\t\t\t\t\t\t\t\t\t<p>Situado na conflu\u00eancia da Europa, \u00c1frica e Am\u00e9ricas, Portugal afirma-se como um hub estrat\u00e9gico para os fluxos internacionais de dados. O pa\u00eds conjuga uma matriz energ\u00e9tica fortemente renov\u00e1vel, com cerca de 70% da eletricidade atualmente proveniente de fontes limpas e a meta de alcan\u00e7ar 85% at\u00e9 2030 \u2014 com uma infraestrutura energ\u00e9tica robusta e um clima ameno que reduz significativamente os custos de arrefecimento.<\/p><p>As recentes simplifica\u00e7\u00f5es regulat\u00f3rias t\u00eam vindo a agilizar o desenvolvimento de data centers, enquanto a disponibilidade de uma m\u00e3o-de-obra altamente qualificada em tecnologia e custos competitivos face a outras localiza\u00e7\u00f5es da Europa Ocidental consolidam Portugal como um destino atrativo, sustent\u00e1vel e seguro para investidores globais.<\/p>\t\t\t\t\t\t\t\t<\/div>\n\t\t\t\t<\/div>\n\t\t\t\t<\/div>\n\t\t\t\t<\/div>\n\t\t<div class=\"elementor-element elementor-element-7802ee43 e-con-full e-flex e-con e-parent\" data-id=\"7802ee43\" data-element_type=\"container\">\n\t\t\t\t<div class=\"elementor-element elementor-element-5022b07c elementor-invisible elementor-widget elementor-widget-image\" data-id=\"5022b07c\" data-element_type=\"widget\" data-settings=\"{&quot;_animation&quot;:&quot;slideInRight&quot;}\" data-widget_type=\"image.default\">\n\t\t\t\t<div class=\"elementor-widget-container\">\n\t\t\t\t\t\t\t\t\t\t\t\t\t\t\t<img decoding=\"async\" src=\"https:\/\/sharpcapital.pt\/port\/wp-content\/uploads\/sites\/4\/elementor\/thumbs\/datah-1-r5u69b80iwu8kfm7nbtp0mhekpcwqu8k0pfj6ny3vw.jpg\" title=\"datah-1.jpg\" alt=\"datah-1.jpg\" loading=\"lazy\" \/>\t\t\t\t\t\t\t\t\t\t\t\t\t\t\t<\/div>\n\t\t\t\t<\/div>\n\t\t\t\t<\/div>\n\t\t\t\t<\/div>\n\t\t","protected":false},"excerpt":{"rendered":"<p>PORQU\u00ca DATA CENTERS EM PORTUGAL? Descobrir DC-3PO Situado na conflu\u00eancia da Europa, \u00c1frica e Am\u00e9ricas, Portugal afirma-se como um hub estrat\u00e9gico para os fluxos internacionais de dados. O pa\u00eds conjuga uma matriz energ\u00e9tica fortemente renov\u00e1vel, com cerca de 70% da eletricidade atualmente proveniente de fontes limpas e a meta de alcan\u00e7ar 85% at\u00e9 2030 \u2014&hellip;<\/p>\n","protected":false},"author":1,"featured_media":0,"parent":0,"menu_order":0,"comment_status":"closed","ping_status":"closed","template":"elementor_header_footer","meta":{"footnotes":""},"class_list":["post-137","page","type-page","status-publish","hentry"],"_links":{"self":[{"href":"https:\/\/sharpcapital.pt\/port\/wp-json\/wp\/v2\/pages\/137","targetHints":{"allow":["GET"]}}],"collection":[{"href":"https:\/\/sharpcapital.pt\/port\/wp-json\/wp\/v2\/pages"}],"about":[{"href":"https:\/\/sharpcapital.pt\/port\/wp-json\/wp\/v2\/types\/page"}],"author":[{"embeddable":true,"href":"https:\/\/sharpcapital.pt\/port\/wp-json\/wp\/v2\/users\/1"}],"replies":[{"embeddable":true,"href":"https:\/\/sharpcapital.pt\/port\/wp-json\/wp\/v2\/comments?post=137"}],"version-history":[{"count":28,"href":"https:\/\/sharpcapital.pt\/port\/wp-json\/wp\/v2\/pages\/137\/revisions"}],"predecessor-version":[{"id":558,"href":"https:\/\/sharpcapital.pt\/port\/wp-json\/wp\/v2\/pages\/137\/revisions\/558"}],"wp:attachment":[{"href":"https:\/\/sharpcapital.pt\/port\/wp-json\/wp\/v2\/media?parent=137"}],"curies":[{"name":"wp","href":"https:\/\/api.w.org\/{rel}","templated":true}]}}