{"id":79,"date":"2025-05-09T15:08:44","date_gmt":"2025-05-09T15:08:44","guid":{"rendered":"https:\/\/sharpcapital.pt\/port\/?page_id=79"},"modified":"2025-10-13T13:44:58","modified_gmt":"2025-10-13T13:44:58","slug":"nossavisao","status":"publish","type":"page","link":"https:\/\/sharpcapital.pt\/port\/nossavisao\/","title":{"rendered":"Nossa Vis\u00e3o"},"content":{"rendered":"\t\t<div data-elementor-type=\"wp-page\" data-elementor-id=\"79\" class=\"elementor elementor-79\">\n\t\t\t\t<div class=\"elementor-element elementor-element-3851663d e-flex e-con-boxed e-con e-parent\" data-id=\"3851663d\" data-element_type=\"container\">\n\t\t\t\t\t<div class=\"e-con-inner\">\n\t\t\t\t<div class=\"elementor-element elementor-element-13a2658a elementor-widget elementor-widget-menu-anchor\" data-id=\"13a2658a\" data-element_type=\"widget\" data-widget_type=\"menu-anchor.default\">\n\t\t\t\t<div class=\"elementor-widget-container\">\n\t\t\t\t\t\t\t<div class=\"elementor-menu-anchor\" id=\"wedo\"><\/div>\n\t\t\t\t\t\t<\/div>\n\t\t\t\t<\/div>\n\t\t\t\t\t<\/div>\n\t\t\t\t<\/div>\n\t\t<div class=\"elementor-element elementor-element-679a217 e-flex e-con-boxed e-con e-parent\" data-id=\"679a217\" data-element_type=\"container\">\n\t\t\t\t\t<div class=\"e-con-inner\">\n\t\t<div class=\"elementor-element elementor-element-302c622c e-con-full e-flex e-con e-child\" data-id=\"302c622c\" data-element_type=\"container\">\n\t\t\t\t<div class=\"elementor-element elementor-element-3f385b34 animated-slow elementor-invisible elementor-widget elementor-widget-image\" data-id=\"3f385b34\" data-element_type=\"widget\" data-settings=\"{&quot;_animation&quot;:&quot;fadeInLeft&quot;}\" data-widget_type=\"image.default\">\n\t\t\t\t<div class=\"elementor-widget-container\">\n\t\t\t\t\t\t\t\t\t\t\t\t\t\t\t<img fetchpriority=\"high\" decoding=\"async\" width=\"959\" height=\"1024\" src=\"https:\/\/sharpcapital.pt\/port\/wp-content\/uploads\/sites\/4\/2025\/05\/fazemos-959x1024.jpg\" class=\"attachment-large size-large wp-image-316\" alt=\"\" srcset=\"https:\/\/sharpcapital.pt\/port\/wp-content\/uploads\/sites\/4\/2025\/05\/fazemos-959x1024.jpg 959w, https:\/\/sharpcapital.pt\/port\/wp-content\/uploads\/sites\/4\/2025\/05\/fazemos-281x300.jpg 281w, https:\/\/sharpcapital.pt\/port\/wp-content\/uploads\/sites\/4\/2025\/05\/fazemos-768x820.jpg 768w, https:\/\/sharpcapital.pt\/port\/wp-content\/uploads\/sites\/4\/2025\/05\/fazemos.jpg 1123w\" sizes=\"(max-width: 959px) 100vw, 959px\" \/>\t\t\t\t\t\t\t\t\t\t\t\t\t\t\t<\/div>\n\t\t\t\t<\/div>\n\t\t\t\t<\/div>\n\t\t<div class=\"elementor-element elementor-element-5c5744bf e-con-full e-flex e-con e-child\" data-id=\"5c5744bf\" data-element_type=\"container\">\n\t\t\t\t<div class=\"elementor-element elementor-element-603fdd animated-slow elementor-invisible elementor-widget elementor-widget-image\" data-id=\"603fdd\" data-element_type=\"widget\" data-settings=\"{&quot;_animation&quot;:&quot;fadeIn&quot;,&quot;_animation_mobile&quot;:&quot;fadeInLeft&quot;}\" data-widget_type=\"image.default\">\n\t\t\t\t<div class=\"elementor-widget-container\">\n\t\t\t\t\t\t\t\t\t\t\t\t\t\t\t<img decoding=\"async\" width=\"24\" height=\"25\" src=\"https:\/\/sharpcapital.pt\/port\/wp-content\/uploads\/sites\/4\/2025\/05\/h.jpg\" class=\"attachment-large size-large wp-image-36\" alt=\"\" \/>\t\t\t\t\t\t\t\t\t\t\t\t\t\t\t<\/div>\n\t\t\t\t<\/div>\n\t\t\t\t<div class=\"elementor-element elementor-element-1c3c852b animated-slow elementor-invisible elementor-widget elementor-widget-text-editor\" data-id=\"1c3c852b\" data-element_type=\"widget\" data-settings=\"{&quot;_animation&quot;:&quot;fadeIn&quot;,&quot;_animation_mobile&quot;:&quot;fadeInLeft&quot;}\" data-widget_type=\"text-editor.default\">\n\t\t\t\t<div class=\"elementor-widget-container\">\n\t\t\t\t\t\t\t\t\t<p>Na Sharp Capital, o imobili\u00e1rio \u00e9 mais do que uma \u00e1rea de neg\u00f3cio, \u00e9 a nossa paix\u00e3o. Orgulhamo-nos de entregar servi\u00e7os de excel\u00eancia, com foco absoluto e agilidade estrat\u00e9gica.<\/p><p>Selecionamos os ativos certos para hotelaria, residencial, log\u00edstica e data centers, criando valor de forma consistente. Fazemo-lo porque sabemos exatamente o que deve ser feito, e executamos com mestria<\/p>\t\t\t\t\t\t\t\t<\/div>\n\t\t\t\t<\/div>\n\t\t\t\t<\/div>\n\t\t\t\t\t<\/div>\n\t\t\t\t<\/div>\n\t\t<div class=\"elementor-element elementor-element-2dad323f e-flex e-con-boxed e-con e-parent\" data-id=\"2dad323f\" data-element_type=\"container\">\n\t\t\t\t\t<div class=\"e-con-inner\">\n\t\t\t\t<div class=\"elementor-element elementor-element-4813ca38 elementor-widget elementor-widget-spacer\" data-id=\"4813ca38\" data-element_type=\"widget\" data-widget_type=\"spacer.default\">\n\t\t\t\t<div class=\"elementor-widget-container\">\n\t\t\t\t\t\t\t<div class=\"elementor-spacer\">\n\t\t\t<div class=\"elementor-spacer-inner\"><\/div>\n\t\t<\/div>\n\t\t\t\t\t\t<\/div>\n\t\t\t\t<\/div>\n\t\t\t\t<div class=\"elementor-element elementor-element-556550cd elementor-widget elementor-widget-menu-anchor\" data-id=\"556550cd\" data-element_type=\"widget\" data-widget_type=\"menu-anchor.default\">\n\t\t\t\t<div class=\"elementor-widget-container\">\n\t\t\t\t\t\t\t<div class=\"elementor-menu-anchor\" id=\"weare\"><\/div>\n\t\t\t\t\t\t<\/div>\n\t\t\t\t<\/div>\n\t\t\t\t\t<\/div>\n\t\t\t\t<\/div>\n\t\t<div class=\"elementor-element elementor-element-5de8daba e-flex e-con-boxed e-con e-parent\" data-id=\"5de8daba\" data-element_type=\"container\">\n\t\t\t\t\t<div class=\"e-con-inner\">\n\t\t<div class=\"elementor-element elementor-element-173d822f e-con-full e-flex e-con e-child\" data-id=\"173d822f\" data-element_type=\"container\">\n\t\t\t\t<div class=\"elementor-element elementor-element-15914e92 animated-slow elementor-invisible elementor-widget elementor-widget-image\" data-id=\"15914e92\" data-element_type=\"widget\" data-settings=\"{&quot;_animation&quot;:&quot;fadeIn&quot;,&quot;_animation_mobile&quot;:&quot;fadeInLeft&quot;}\" data-widget_type=\"image.default\">\n\t\t\t\t<div class=\"elementor-widget-container\">\n\t\t\t\t\t\t\t\t\t\t\t\t\t\t\t<img decoding=\"async\" width=\"24\" height=\"25\" src=\"https:\/\/sharpcapital.pt\/port\/wp-content\/uploads\/sites\/4\/2025\/05\/h.jpg\" class=\"attachment-large size-large wp-image-36\" alt=\"\" \/>\t\t\t\t\t\t\t\t\t\t\t\t\t\t\t<\/div>\n\t\t\t\t<\/div>\n\t\t\t\t<div class=\"elementor-element elementor-element-16620291 animated-slow elementor-invisible elementor-widget elementor-widget-text-editor\" data-id=\"16620291\" data-element_type=\"widget\" data-settings=\"{&quot;_animation&quot;:&quot;fadeIn&quot;,&quot;_animation_mobile&quot;:&quot;fadeInLeft&quot;}\" data-widget_type=\"text-editor.default\">\n\t\t\t\t<div class=\"elementor-widget-container\">\n\t\t\t\t\t\t\t\t\t<p>A Sharp Capital \u00e9 movida por uma equipa de profissionais dedicados, unidos por uma vis\u00e3o comum, transformar oportunidades em valor duradouro.<\/p><p>Com uma profunda experi\u00eancia no setor imobili\u00e1rio e um compromisso assente na confian\u00e7a, transpar\u00eancia e inova\u00e7\u00e3o, redefinimos o que significado de entregar excel\u00eancia.<\/p><p>As nossas rela\u00e7\u00f5es com investidores e stakeholders s\u00e3o constru\u00eddas para perdurar, e a nossa reputa\u00e7\u00e3o fala por si.<\/p>\t\t\t\t\t\t\t\t<\/div>\n\t\t\t\t<\/div>\n\t\t\t\t<\/div>\n\t\t<div class=\"elementor-element elementor-element-1ec2f79b e-con-full e-flex e-con e-child\" data-id=\"1ec2f79b\" data-element_type=\"container\">\n\t\t\t\t<div class=\"elementor-element elementor-element-2d18b2a9 animated-slow elementor-invisible elementor-widget elementor-widget-image\" data-id=\"2d18b2a9\" data-element_type=\"widget\" data-settings=\"{&quot;_animation&quot;:&quot;fadeInRight&quot;}\" data-widget_type=\"image.default\">\n\t\t\t\t<div class=\"elementor-widget-container\">\n\t\t\t\t\t\t\t\t\t\t\t\t\t\t\t<img decoding=\"async\" width=\"959\" height=\"1024\" src=\"https:\/\/sharpcapital.pt\/port\/wp-content\/uploads\/sites\/4\/2025\/05\/nossomos-959x1024.jpg\" class=\"attachment-large size-large wp-image-317\" alt=\"\" srcset=\"https:\/\/sharpcapital.pt\/port\/wp-content\/uploads\/sites\/4\/2025\/05\/nossomos-959x1024.jpg 959w, https:\/\/sharpcapital.pt\/port\/wp-content\/uploads\/sites\/4\/2025\/05\/nossomos-281x300.jpg 281w, https:\/\/sharpcapital.pt\/port\/wp-content\/uploads\/sites\/4\/2025\/05\/nossomos-768x820.jpg 768w, https:\/\/sharpcapital.pt\/port\/wp-content\/uploads\/sites\/4\/2025\/05\/nossomos.jpg 1122w\" sizes=\"(max-width: 959px) 100vw, 959px\" \/>\t\t\t\t\t\t\t\t\t\t\t\t\t\t\t<\/div>\n\t\t\t\t<\/div>\n\t\t\t\t<\/div>\n\t\t\t\t\t<\/div>\n\t\t\t\t<\/div>\n\t\t<div class=\"elementor-element elementor-element-1e95a60b e-flex e-con-boxed e-con e-parent\" data-id=\"1e95a60b\" data-element_type=\"container\">\n\t\t\t\t\t<div class=\"e-con-inner\">\n\t\t\t\t<div class=\"elementor-element elementor-element-1787a7a3 elementor-widget elementor-widget-spacer\" data-id=\"1787a7a3\" data-element_type=\"widget\" data-widget_type=\"spacer.default\">\n\t\t\t\t<div class=\"elementor-widget-container\">\n\t\t\t\t\t\t\t<div class=\"elementor-spacer\">\n\t\t\t<div class=\"elementor-spacer-inner\"><\/div>\n\t\t<\/div>\n\t\t\t\t\t\t<\/div>\n\t\t\t\t<\/div>\n\t\t\t\t<div class=\"elementor-element elementor-element-65148579 elementor-widget elementor-widget-menu-anchor\" data-id=\"65148579\" data-element_type=\"widget\" data-widget_type=\"menu-anchor.default\">\n\t\t\t\t<div class=\"elementor-widget-container\">\n\t\t\t\t\t\t\t<div class=\"elementor-menu-anchor\" id=\"weoffer\"><\/div>\n\t\t\t\t\t\t<\/div>\n\t\t\t\t<\/div>\n\t\t\t\t\t<\/div>\n\t\t\t\t<\/div>\n\t\t<div class=\"elementor-element elementor-element-1d43b8bc e-flex e-con-boxed e-con e-parent\" data-id=\"1d43b8bc\" data-element_type=\"container\">\n\t\t\t\t\t<div class=\"e-con-inner\">\n\t\t<div class=\"elementor-element elementor-element-132a1b31 e-con-full e-flex e-con e-child\" data-id=\"132a1b31\" data-element_type=\"container\">\n\t\t\t\t<div class=\"elementor-element elementor-element-5619fbf7 animated-slow elementor-invisible elementor-widget elementor-widget-image\" data-id=\"5619fbf7\" data-element_type=\"widget\" data-settings=\"{&quot;_animation&quot;:&quot;fadeInLeft&quot;}\" data-widget_type=\"image.default\">\n\t\t\t\t<div class=\"elementor-widget-container\">\n\t\t\t\t\t\t\t\t\t\t\t\t\t\t\t<img loading=\"lazy\" decoding=\"async\" width=\"960\" height=\"1024\" src=\"https:\/\/sharpcapital.pt\/port\/wp-content\/uploads\/sites\/4\/2025\/10\/oferecemos-1-960x1024.jpg\" class=\"attachment-large size-large wp-image-599\" alt=\"\" srcset=\"https:\/\/sharpcapital.pt\/port\/wp-content\/uploads\/sites\/4\/2025\/10\/oferecemos-1-960x1024.jpg 960w, https:\/\/sharpcapital.pt\/port\/wp-content\/uploads\/sites\/4\/2025\/10\/oferecemos-1-281x300.jpg 281w, https:\/\/sharpcapital.pt\/port\/wp-content\/uploads\/sites\/4\/2025\/10\/oferecemos-1-768x819.jpg 768w, https:\/\/sharpcapital.pt\/port\/wp-content\/uploads\/sites\/4\/2025\/10\/oferecemos-1.jpg 1122w\" sizes=\"(max-width: 960px) 100vw, 960px\" \/>\t\t\t\t\t\t\t\t\t\t\t\t\t\t\t<\/div>\n\t\t\t\t<\/div>\n\t\t\t\t<\/div>\n\t\t<div class=\"elementor-element elementor-element-5e2c37b2 e-con-full e-flex e-con e-child\" data-id=\"5e2c37b2\" data-element_type=\"container\">\n\t\t\t\t<div class=\"elementor-element elementor-element-75e2a415 animated-slow elementor-invisible elementor-widget elementor-widget-image\" data-id=\"75e2a415\" data-element_type=\"widget\" data-settings=\"{&quot;_animation&quot;:&quot;fadeIn&quot;,&quot;_animation_mobile&quot;:&quot;fadeInLeft&quot;}\" data-widget_type=\"image.default\">\n\t\t\t\t<div class=\"elementor-widget-container\">\n\t\t\t\t\t\t\t\t\t\t\t\t\t\t\t<img decoding=\"async\" width=\"24\" height=\"25\" src=\"https:\/\/sharpcapital.pt\/port\/wp-content\/uploads\/sites\/4\/2025\/05\/h.jpg\" class=\"attachment-large size-large wp-image-36\" alt=\"\" \/>\t\t\t\t\t\t\t\t\t\t\t\t\t\t\t<\/div>\n\t\t\t\t<\/div>\n\t\t\t\t<div class=\"elementor-element elementor-element-163debda animated-slow elementor-invisible elementor-widget elementor-widget-text-editor\" data-id=\"163debda\" data-element_type=\"widget\" data-settings=\"{&quot;_animation&quot;:&quot;fadeIn&quot;,&quot;_animation_mobile&quot;:&quot;fadeInLeft&quot;}\" data-widget_type=\"text-editor.default\">\n\t\t\t\t<div class=\"elementor-widget-container\">\n\t\t\t\t\t\t\t\t\t<p>Da sele\u00e7\u00e3o do ativo certo \u00e0 gest\u00e3o integral de projeto e constru\u00e7\u00e3o, a Sharp Capital oferece solu\u00e7\u00f5es end-to-end que asseguram o \u00eaxito de cada desenvolvimento.<\/p><p>Com um profundo dom\u00ednio das leis portuguesas de ordenamento do territ\u00f3rio e uma colabora\u00e7\u00e3o pr\u00f3xima com autoridades locais e stakeholders estrat\u00e9gicos, garantimos projetos juridicamente s\u00f3lidos e posicionados para o sucesso a longo prazo.<\/p><p>Num setor em que os desafios s\u00e3o inevit\u00e1veis, a nossa experi\u00eancia e resili\u00eancia permitem-nos superar obst\u00e1culos, cumprir prazos e otimizar or\u00e7amentos, entregando consistentemente resultados de excel\u00eancia.<\/p>\t\t\t\t\t\t\t\t<\/div>\n\t\t\t\t<\/div>\n\t\t\t\t<\/div>\n\t\t\t\t\t<\/div>\n\t\t\t\t<\/div>\n\t\t<div class=\"elementor-element elementor-element-55c68662 e-flex e-con-boxed e-con e-parent\" data-id=\"55c68662\" data-element_type=\"container\">\n\t\t\t\t\t<div class=\"e-con-inner\">\n\t\t\t\t<div class=\"elementor-element elementor-element-1023bfc6 elementor-widget elementor-widget-spacer\" data-id=\"1023bfc6\" data-element_type=\"widget\" data-widget_type=\"spacer.default\">\n\t\t\t\t<div class=\"elementor-widget-container\">\n\t\t\t\t\t\t\t<div class=\"elementor-spacer\">\n\t\t\t<div class=\"elementor-spacer-inner\"><\/div>\n\t\t<\/div>\n\t\t\t\t\t\t<\/div>\n\t\t\t\t<\/div>\n\t\t\t\t\t<\/div>\n\t\t\t\t<\/div>\n\t\t\t\t<\/div>\n\t\t","protected":false},"excerpt":{"rendered":"<p>Na Sharp Capital, o imobili\u00e1rio \u00e9 mais do que uma \u00e1rea de neg\u00f3cio, \u00e9 a nossa paix\u00e3o. Orgulhamo-nos de entregar servi\u00e7os de excel\u00eancia, com foco absoluto e agilidade estrat\u00e9gica. Selecionamos os ativos certos para hotelaria, residencial, log\u00edstica e data centers, criando valor de forma consistente. Fazemo-lo porque sabemos exatamente o que deve ser feito, e&hellip;<\/p>\n","protected":false},"author":1,"featured_media":0,"parent":0,"menu_order":0,"comment_status":"closed","ping_status":"closed","template":"elementor_header_footer","meta":{"footnotes":""},"class_list":["post-79","page","type-page","status-publish","hentry"],"_links":{"self":[{"href":"https:\/\/sharpcapital.pt\/port\/wp-json\/wp\/v2\/pages\/79","targetHints":{"allow":["GET"]}}],"collection":[{"href":"https:\/\/sharpcapital.pt\/port\/wp-json\/wp\/v2\/pages"}],"about":[{"href":"https:\/\/sharpcapital.pt\/port\/wp-json\/wp\/v2\/types\/page"}],"author":[{"embeddable":true,"href":"https:\/\/sharpcapital.pt\/port\/wp-json\/wp\/v2\/users\/1"}],"replies":[{"embeddable":true,"href":"https:\/\/sharpcapital.pt\/port\/wp-json\/wp\/v2\/comments?post=79"}],"version-history":[{"count":52,"href":"https:\/\/sharpcapital.pt\/port\/wp-json\/wp\/v2\/pages\/79\/revisions"}],"predecessor-version":[{"id":602,"href":"https:\/\/sharpcapital.pt\/port\/wp-json\/wp\/v2\/pages\/79\/revisions\/602"}],"wp:attachment":[{"href":"https:\/\/sharpcapital.pt\/port\/wp-json\/wp\/v2\/media?parent=79"}],"curies":[{"name":"wp","href":"https:\/\/api.w.org\/{rel}","templated":true}]}}